{"id":647,"date":"2024-10-22T14:05:02","date_gmt":"2024-10-22T14:05:02","guid":{"rendered":"https:\/\/magiadosaber.g12.br\/site\/?page_id=647"},"modified":"2024-11-06T13:43:41","modified_gmt":"2024-11-06T13:43:41","slug":"infantil","status":"publish","type":"page","link":"https:\/\/magiadosaber.g12.br\/site\/infantil\/","title":{"rendered":"infantil"},"content":{"rendered":"\t\t<div data-elementor-type=\"wp-page\" data-elementor-id=\"647\" class=\"elementor elementor-647\">\n\t\t\t\t<div class=\"elementor-element elementor-element-ccdd73e e-flex e-con-boxed parallax_section_no qode_elementor_container_no e-con e-parent\" data-id=\"ccdd73e\" data-element_type=\"container\" data-settings=\"{&quot;background_background&quot;:&quot;classic&quot;}\">\n\t\t\t\t\t<div class=\"e-con-inner\">\n\t\t\t\t<div class=\"elementor-element elementor-element-8d39dae elementor-widget elementor-widget-text-editor\" data-id=\"8d39dae\" data-element_type=\"widget\" data-widget_type=\"text-editor.default\">\n\t\t\t\t<div class=\"elementor-widget-container\">\n\t\t\t\t\t\t\t\t\tEDUCA\u00c7\u00c3O INFANTIL \n\t\t\t\t\t\t\t\t<\/div>\n\t\t\t\t<\/div>\n\t\t\t\t<div class=\"elementor-element elementor-element-32a0026 elementor-hidden-desktop elementor-hidden-tablet elementor-widget elementor-widget-spacer\" data-id=\"32a0026\" data-element_type=\"widget\" data-widget_type=\"spacer.default\">\n\t\t\t\t<div class=\"elementor-widget-container\">\n\t\t\t\t\t\t\t<div class=\"elementor-spacer\">\n\t\t\t<div class=\"elementor-spacer-inner\"><\/div>\n\t\t<\/div>\n\t\t\t\t\t\t<\/div>\n\t\t\t\t<\/div>\n\t\t<div class=\"elementor-element elementor-element-7468d6b e-grid e-con-full parallax_section_no qode_elementor_container_no e-con e-child\" data-id=\"7468d6b\" data-element_type=\"container\">\n\t\t<div class=\"elementor-element elementor-element-b88797e e-con-full e-flex parallax_section_no qode_elementor_container_no e-con e-child\" data-id=\"b88797e\" data-element_type=\"container\">\n\t\t\t\t<div class=\"elementor-element elementor-element-20733ee elementor-widget elementor-widget-text-editor\" data-id=\"20733ee\" data-element_type=\"widget\" data-widget_type=\"text-editor.default\">\n\t\t\t\t<div class=\"elementor-widget-container\">\n\t\t\t\t\t\t\t\t\tA proposta pedag\u00f3gica humanizada, em que a crian\u00e7a \u00e9 a protagonista de sua aprendizagem, \u00e9 desenvolvida por meio de projetos alinhados \u00e0 BNCC (Base Nacional Comum Curricular), enfatizando os direitos de aprendizagem de conviver, brincar, participar, explorar, comunicar e conhecer-se. \t\t\t\t\t\t\t\t<\/div>\n\t\t\t\t<\/div>\n\t\t\t\t<div class=\"elementor-element elementor-element-89680ac elementor-widget elementor-widget-text-editor\" data-id=\"89680ac\" data-element_type=\"widget\" data-widget_type=\"text-editor.default\">\n\t\t\t\t<div class=\"elementor-widget-container\">\n\t\t\t\t\t\t\t\t\tDefendemos uma educa\u00e7\u00e3o respeitosa e significativa, que potencializa um senso de pertencimento, em espa\u00e7os amplos e seguros que estimulam o afeto, a criatividade, a autonomia e as viv\u00eancias. \t\t\t\t\t\t\t\t<\/div>\n\t\t\t\t<\/div>\n\t\t\t\t<div class=\"elementor-element elementor-element-79aa28b elementor-widget elementor-widget-text-editor\" data-id=\"79aa28b\" data-element_type=\"widget\" data-widget_type=\"text-editor.default\">\n\t\t\t\t<div class=\"elementor-widget-container\">\n\t\t\t\t\t\t\t\t\tNosso jeito de acolher e ensinar possibilita a constru\u00e7\u00e3o de mem\u00f3rias afetivas, permitindo que as crian\u00e7as, por meio de atividades pedag\u00f3gicas, brincadeiras e intera\u00e7\u00f5es, desenvolvam habilidades, estimulem a curiosidade, o conhecimento e o pensamento cr\u00edtico, e tenham tempo para vivenciar a inf\u00e2ncia com plenitude e encantamento. \t\t\t\t\t\t\t\t<\/div>\n\t\t\t\t<\/div>\n\t\t\t\t<\/div>\n\t\t\t\t<div class=\"elementor-element elementor-element-3a856e7 elementor-widget elementor-widget-image\" data-id=\"3a856e7\" data-element_type=\"widget\" data-widget_type=\"image.default\">\n\t\t\t\t<div class=\"elementor-widget-container\">\n\t\t\t\t\t\t\t\t\t\t\t\t\t\t\t<img fetchpriority=\"high\" decoding=\"async\" width=\"600\" height=\"550\" src=\"https:\/\/magiadosaber.g12.br\/site\/wp-content\/uploads\/2024\/10\/escola.png\" class=\"attachment-large size-large wp-image-926\" alt=\"\" srcset=\"https:\/\/magiadosaber.g12.br\/site\/wp-content\/uploads\/2024\/10\/escola.png 600w, https:\/\/magiadosaber.g12.br\/site\/wp-content\/uploads\/2024\/10\/escola-300x275.png 300w\" sizes=\"(max-width: 600px) 100vw, 600px\" \/>\t\t\t\t\t\t\t\t\t\t\t\t\t\t\t<\/div>\n\t\t\t\t<\/div>\n\t\t\t\t<\/div>\n\t\t\t\t\t<\/div>\n\t\t\t\t<\/div>\n\t\t<div class=\"elementor-element elementor-element-ac6492e e-flex e-con-boxed parallax_section_no qode_elementor_container_no e-con e-parent\" data-id=\"ac6492e\" data-element_type=\"container\" data-settings=\"{&quot;background_background&quot;:&quot;classic&quot;}\">\n\t\t\t\t\t<div class=\"e-con-inner\">\n\t\t<div class=\"elementor-element elementor-element-cc9ef5a e-con-full e-grid parallax_section_no qode_elementor_container_no e-con e-child\" data-id=\"cc9ef5a\" data-element_type=\"container\">\n\t\t<div class=\"elementor-element elementor-element-4335393 e-con-full e-flex parallax_section_no qode_elementor_container_no e-con e-child\" data-id=\"4335393\" data-element_type=\"container\">\n\t\t\t\t<div class=\"elementor-element elementor-element-4e51b00 elementor-widget elementor-widget-image\" data-id=\"4e51b00\" data-element_type=\"widget\" data-widget_type=\"image.default\">\n\t\t\t\t<div class=\"elementor-widget-container\">\n\t\t\t\t\t\t\t\t\t\t\t\t\t\t\t<img decoding=\"async\" width=\"600\" height=\"480\" src=\"https:\/\/magiadosaber.g12.br\/site\/wp-content\/uploads\/2024\/10\/13.png\" class=\"attachment-large size-large wp-image-1090\" alt=\"\" srcset=\"https:\/\/magiadosaber.g12.br\/site\/wp-content\/uploads\/2024\/10\/13.png 600w, https:\/\/magiadosaber.g12.br\/site\/wp-content\/uploads\/2024\/10\/13-300x240.png 300w\" sizes=\"(max-width: 600px) 100vw, 600px\" \/>\t\t\t\t\t\t\t\t\t\t\t\t\t\t\t<\/div>\n\t\t\t\t<\/div>\n\t\t\t\t<\/div>\n\t\t<div class=\"elementor-element elementor-element-4a2ffd2 e-con-full e-flex parallax_section_no qode_elementor_container_no e-con e-child\" data-id=\"4a2ffd2\" data-element_type=\"container\">\n\t\t\t\t<div class=\"elementor-element elementor-element-64d7480 elementor-widget elementor-widget-text-editor\" data-id=\"64d7480\" data-element_type=\"widget\" data-widget_type=\"text-editor.default\">\n\t\t\t\t<div class=\"elementor-widget-container\">\n\t\t\t\t\t\t\t\t\tNa abordagem CLIL,  \u00e9 proporcionado que os pequenos estudantes mergulhem em experi\u00eancias que envolvem a aquisi\u00e7\u00e3o da l\u00edngua inglesa e a compreens\u00e3o de conceitos fundamentais. \t\t\t\t\t\t\t\t<\/div>\n\t\t\t\t<\/div>\n\t\t\t\t<div class=\"elementor-element elementor-element-202dbc3 elementor-widget elementor-widget-text-editor\" data-id=\"202dbc3\" data-element_type=\"widget\" data-widget_type=\"text-editor.default\">\n\t\t\t\t<div class=\"elementor-widget-container\">\n\t\t\t\t\t\t\t\t\tNa abordagem PBL, \u00e9 destacada a \u00eanfase na aprendizagem contextualizada e baseada em desafios significativos. Ao criar situa\u00e7\u00f5es-problema discutidos, as crian\u00e7as s\u00e3o motivadas a trabalhar colaborativamente para encontrar solu\u00e7\u00f5es, promovendo o desenvolvimento de habilidades socioemocionais, cognitivas e lingu\u00edsticas. \t\t\t\t\t\t\t\t<\/div>\n\t\t\t\t<\/div>\n\t\t\t\t<div class=\"elementor-element elementor-element-a5f6352 elementor-widget elementor-widget-text-editor\" data-id=\"a5f6352\" data-element_type=\"widget\" data-widget_type=\"text-editor.default\">\n\t\t\t\t<div class=\"elementor-widget-container\">\n\t\t\t\t\t\t\t\t\tNo ensino bil\u00edngue, com aulas personalizadas todos os dias, nas abordagens Content and Language Integrated Learning (CLIL) e Problem-Based Learning (PBL) proporcionando oportunidades \u00fanicas para explorar os campos de experi\u00eancia de maneira integrada e l\u00fadica, utilizando recursos pedag\u00f3gicos,  livros did\u00e1ticos  exclusivos da National Geographic Learning e plataforma digital Teddy Tech.\t\t\t\t\t\t\t\t<\/div>\n\t\t\t\t<\/div>\n\t\t\t\t<div class=\"elementor-element elementor-element-2d8a5e7 elementor-hidden-desktop elementor-hidden-tablet elementor-widget elementor-widget-spacer\" data-id=\"2d8a5e7\" data-element_type=\"widget\" data-widget_type=\"spacer.default\">\n\t\t\t\t<div class=\"elementor-widget-container\">\n\t\t\t\t\t\t\t<div class=\"elementor-spacer\">\n\t\t\t<div class=\"elementor-spacer-inner\"><\/div>\n\t\t<\/div>\n\t\t\t\t\t\t<\/div>\n\t\t\t\t<\/div>\n\t\t\t\t<\/div>\n\t\t\t\t<\/div>\n\t\t\t\t\t<\/div>\n\t\t\t\t<\/div>\n\t\t<div class=\"elementor-element elementor-element-5d6ec91 e-flex e-con-boxed parallax_section_no qode_elementor_container_no e-con e-parent\" data-id=\"5d6ec91\" data-element_type=\"container\" data-settings=\"{&quot;background_background&quot;:&quot;classic&quot;}\">\n\t\t\t\t\t<div class=\"e-con-inner\">\n\t\t\t\t<div class=\"elementor-element elementor-element-c5896cd elementor-hidden-desktop elementor-hidden-tablet elementor-widget elementor-widget-spacer\" data-id=\"c5896cd\" data-element_type=\"widget\" data-widget_type=\"spacer.default\">\n\t\t\t\t<div class=\"elementor-widget-container\">\n\t\t\t\t\t\t\t<div class=\"elementor-spacer\">\n\t\t\t<div class=\"elementor-spacer-inner\"><\/div>\n\t\t<\/div>\n\t\t\t\t\t\t<\/div>\n\t\t\t\t<\/div>\n\t\t\t\t<div class=\"elementor-element elementor-element-fa79339 elementor-widget elementor-widget-text-editor\" data-id=\"fa79339\" data-element_type=\"widget\" data-widget_type=\"text-editor.default\">\n\t\t\t\t<div class=\"elementor-widget-container\">\n\t\t\t\t\t\t\t\t\tHor\u00e1rio:\nMatutino: 07:30 \u00e0s 12:00h\nVespertino: 13:00 \u00e0s 17:30h\n\t\t\t\t\t\t\t\t<\/div>\n\t\t\t\t<\/div>\n\t\t\t\t<div class=\"elementor-element elementor-element-0e41d5b elementor-hidden-desktop elementor-hidden-tablet elementor-widget elementor-widget-spacer\" data-id=\"0e41d5b\" data-element_type=\"widget\" data-widget_type=\"spacer.default\">\n\t\t\t\t<div class=\"elementor-widget-container\">\n\t\t\t\t\t\t\t<div class=\"elementor-spacer\">\n\t\t\t<div class=\"elementor-spacer-inner\"><\/div>\n\t\t<\/div>\n\t\t\t\t\t\t<\/div>\n\t\t\t\t<\/div>\n\t\t\t\t\t<\/div>\n\t\t\t\t<\/div>\n\t\t<div class=\"elementor-element elementor-element-fe02394 e-flex e-con-boxed parallax_section_no qode_elementor_container_no e-con e-parent\" data-id=\"fe02394\" data-element_type=\"container\">\n\t\t\t\t\t<div class=\"e-con-inner\">\n\t\t\t\t<div class=\"elementor-element elementor-element-08b4c9b elementor-widget elementor-widget-spacer\" data-id=\"08b4c9b\" data-element_type=\"widget\" data-widget_type=\"spacer.default\">\n\t\t\t\t<div class=\"elementor-widget-container\">\n\t\t\t\t\t\t\t<div class=\"elementor-spacer\">\n\t\t\t<div class=\"elementor-spacer-inner\"><\/div>\n\t\t<\/div>\n\t\t\t\t\t\t<\/div>\n\t\t\t\t<\/div>\n\t\t\t\t<div class=\"elementor-element elementor-element-8407553 elementor-widget elementor-widget-text-editor\" data-id=\"8407553\" data-element_type=\"widget\" data-widget_type=\"text-editor.default\">\n\t\t\t\t<div class=\"elementor-widget-container\">\n\t\t\t\t\t\t\t\t\tENSINO BIL\u00cdNGUE \t\t\t\t\t\t\t\t<\/div>\n\t\t\t\t<\/div>\n\t\t<div class=\"elementor-element elementor-element-d471c6f e-grid e-con-boxed parallax_section_no qode_elementor_container_no e-con e-child\" data-id=\"d471c6f\" data-element_type=\"container\">\n\t\t\t\t\t<div class=\"e-con-inner\">\n\t\t<div class=\"elementor-element elementor-element-e386cce e-con-full e-flex parallax_section_no qode_elementor_container_no e-con e-child\" data-id=\"e386cce\" data-element_type=\"container\">\n\t\t\t\t<div class=\"elementor-element elementor-element-cbf8c76 elementor-widget elementor-widget-text-editor\" data-id=\"cbf8c76\" data-element_type=\"widget\" data-widget_type=\"text-editor.default\">\n\t\t\t\t<div class=\"elementor-widget-container\">\n\t\t\t\t\t\t\t\t\tUm dos principais diferenciais est\u00e1 no est\u00edmulo ao desenvolvimento cognitivo. Estudos indicam que crian\u00e7as expostas a duas l\u00ednguas desde cedo tendem a apresentar maior flexibilidade cognitiva, capacidade de resolu\u00e7\u00e3o de problemas e criatividade. O c\u00e9rebro, durante os anos formativos, adapta-se de maneira \u00fanica, fortalecendo as redes neurais e proporcionando uma base s\u00f3lida para futuros aprendizados.\n\t\t\t\t\t\t\t\t<\/div>\n\t\t\t\t<\/div>\n\t\t\t\t<div class=\"elementor-element elementor-element-83b3787 elementor-widget elementor-widget-text-editor\" data-id=\"83b3787\" data-element_type=\"widget\" data-widget_type=\"text-editor.default\">\n\t\t\t\t<div class=\"elementor-widget-container\">\n\t\t\t\t\t\t\t\t\tAl\u00e9m disso, a educa\u00e7\u00e3o infantil bil\u00edngue promove uma compreens\u00e3o mais profunda da diversidade cultural. O contato com diferentes idiomas n\u00e3o \u00e9 apenas um exerc\u00edcio lingu\u00edstico, mas uma imers\u00e3o em distintas formas de pensar e de se expressar. As crian\u00e7as aprendem n\u00e3o apenas a comunicar-se em duas l\u00ednguas, mas tamb\u00e9m a apreciar e respeitar as nuances culturais associadas a cada uma delas. Esse entendimento enriquecido do mundo prepara os pequenos para uma conviv\u00eancia harmoniosa em sociedades cada vez mais globalizadas.\n\t\t\t\t\t\t\t\t<\/div>\n\t\t\t\t<\/div>\n\t\t\t\t<\/div>\n\t\t\t\t<div class=\"elementor-element elementor-element-7f048a4 elementor-widget elementor-widget-image\" data-id=\"7f048a4\" data-element_type=\"widget\" data-widget_type=\"image.default\">\n\t\t\t\t<div class=\"elementor-widget-container\">\n\t\t\t\t\t\t\t\t\t\t\t\t\t\t\t<img decoding=\"async\" width=\"600\" height=\"480\" src=\"https:\/\/magiadosaber.g12.br\/site\/wp-content\/uploads\/2024\/10\/2-5.png\" class=\"attachment-large size-large wp-image-1079\" alt=\"\" srcset=\"https:\/\/magiadosaber.g12.br\/site\/wp-content\/uploads\/2024\/10\/2-5.png 600w, https:\/\/magiadosaber.g12.br\/site\/wp-content\/uploads\/2024\/10\/2-5-300x240.png 300w\" sizes=\"(max-width: 600px) 100vw, 600px\" \/>\t\t\t\t\t\t\t\t\t\t\t\t\t\t\t<\/div>\n\t\t\t\t<\/div>\n\t\t\t\t\t<\/div>\n\t\t\t\t<\/div>\n\t\t\t\t\t<\/div>\n\t\t\t\t<\/div>\n\t\t<div class=\"elementor-element elementor-element-401a5f3 e-flex e-con-boxed parallax_section_no qode_elementor_container_no e-con e-parent\" data-id=\"401a5f3\" data-element_type=\"container\">\n\t\t\t\t\t<div class=\"e-con-inner\">\n\t\t<div class=\"elementor-element elementor-element-763093a e-con-full e-flex parallax_section_no qode_elementor_container_no e-con e-child\" data-id=\"763093a\" data-element_type=\"container\">\n\t\t\t\t<div class=\"elementor-element elementor-element-fbdff5d elementor-widget elementor-widget-text-editor\" data-id=\"fbdff5d\" data-element_type=\"widget\" data-widget_type=\"text-editor.default\">\n\t\t\t\t<div class=\"elementor-widget-container\">\n\t\t\t\t\t\t\t\t\tA habilidade de se comunicar eficientemente em mais de uma l\u00edngua tamb\u00e9m se traduz em uma vantagem competitiva no cen\u00e1rio acad\u00eamico e profissional futuro. A crescente demanda por profissionais bil\u00edngues em diversas \u00e1reas torna a educa\u00e7\u00e3o infantil bil\u00edngue n\u00e3o apenas uma escolha pedag\u00f3gica, mas um investimento estrat\u00e9gico no futuro das crian\u00e7as.\n\t\t\t\t\t\t\t\t<\/div>\n\t\t\t\t<\/div>\n\t\t\t\t<\/div>\n\t\t\t\t\t<\/div>\n\t\t\t\t<\/div>\n\t\t<div class=\"elementor-element elementor-element-2ab78e5 e-flex e-con-boxed parallax_section_no qode_elementor_container_no e-con e-parent\" data-id=\"2ab78e5\" data-element_type=\"container\">\n\t\t\t\t\t<div class=\"e-con-inner\">\n\t\t<div class=\"elementor-element elementor-element-527670a e-grid e-con-full parallax_section_no qode_elementor_container_no e-con e-child\" data-id=\"527670a\" data-element_type=\"container\">\n\t\t<div class=\"elementor-element elementor-element-fb6bc04 e-con-full e-flex parallax_section_no qode_elementor_container_no e-con e-child\" data-id=\"fb6bc04\" data-element_type=\"container\">\n\t\t\t\t<div class=\"elementor-element elementor-element-5d026b4 elementor-widget elementor-widget-text-editor\" data-id=\"5d026b4\" data-element_type=\"widget\" data-widget_type=\"text-editor.default\">\n\t\t\t\t<div class=\"elementor-widget-container\">\n\t\t\t\t\t\t\t\t\tA abordagem CLIL, ao ser aplicada na educa\u00e7\u00e3o infantil, assume uma dimens\u00e3o particularmente envolvente. Ela permite que os pequenos estudantes mergulhem em experi\u00eancias que envolvem tanto a aquisi\u00e7\u00e3o da l\u00edngua adicional quanto a compreens\u00e3o de conceitos fundamentais. Ao incorporar a l\u00edngua adicional nas atividades cotidianas e nas brincadeiras, as crian\u00e7as t\u00eam a oportunidade de desenvolver suas habilidades lingu\u00edsticas de maneira natural, enquanto absorvem conhecimento em \u00e1reas como ci\u00eancias, natureza, e express\u00e3o art\u00edstica. Essa abordagem n\u00e3o apenas alinha-se com os princ\u00edpios da BNCC, mas tamb\u00e9m nutre a curiosidade intr\u00ednseca das crian\u00e7as, estimulando a investiga\u00e7\u00e3o e a descoberta em ambientes ricos em aprendizado.\n\t\t\t\t\t\t\t\t<\/div>\n\t\t\t\t<\/div>\n\t\t\t\t<div class=\"elementor-element elementor-element-a14c974 elementor-widget elementor-widget-text-editor\" data-id=\"a14c974\" data-element_type=\"widget\" data-widget_type=\"text-editor.default\">\n\t\t\t\t<div class=\"elementor-widget-container\">\n\t\t\t\t\t\t\t\t\tA ascens\u00e3o da educa\u00e7\u00e3o bil\u00edngue no Brasil reflete um reconhecimento consciente da import\u00e2ncia de preparar as gera\u00e7\u00f5es mais jovens para um mundo cada vez mais interconectado e diversificado e surge como um diferencial importante, proporcionando n\u00e3o apenas habilidades lingu\u00edsticas aprimoradas, mas tamb\u00e9m um conjunto de aptid\u00f5es que moldar\u00e3o o curso de vida das crian\u00e7as, preparando-as para os desafios e oportunidades que o futuro reserva.\n\t\t\t\t\t\t\t\t<\/div>\n\t\t\t\t<\/div>\n\t\t\t\t<\/div>\n\t\t<div class=\"elementor-element elementor-element-d5e7a30 e-con-full e-flex parallax_section_no qode_elementor_container_no e-con e-child\" data-id=\"d5e7a30\" data-element_type=\"container\">\n\t\t\t\t<div class=\"elementor-element elementor-element-4c18982 elementor-widget elementor-widget-text-editor\" data-id=\"4c18982\" data-element_type=\"widget\" data-widget_type=\"text-editor.default\">\n\t\t\t\t<div class=\"elementor-widget-container\">\n\t\t\t\t\t\t\t\t\tNo que diz respeito \u00e0 abordagem PBL na educa\u00e7\u00e3o infantil bil\u00edngue, ela se destaca pela \u00eanfase na aprendizagem contextualizada e baseada em desafios significativos. Ao criar situa\u00e7\u00f5es-problema discutidos em l\u00edngua adicional, as crian\u00e7as s\u00e3o motivadas a trabalhar colaborativamente para encontrar solu\u00e7\u00f5es, promovendo o desenvolvimento de habilidades socioemocionais, cognitivas e lingu\u00edsticas. Os campos de experi\u00eancia da BNCC podem ser explorados de maneira pr\u00e1tica e enriquecedora por meio dessa abordagem. A resolu\u00e7\u00e3o de problemas se torna, assim, uma jornada emocionante e educativa, na qual a l\u00edngua adicional \u00e9 um meio de comunica\u00e7\u00e3o e intera\u00e7\u00e3o que proporciona a constru\u00e7\u00e3o de conhecimento.\n\t\t\t\t\t\t\t\t<\/div>\n\t\t\t\t<\/div>\n\t\t\t\t<div class=\"elementor-element elementor-element-165880b elementor-widget elementor-widget-text-editor\" data-id=\"165880b\" data-element_type=\"widget\" data-widget_type=\"text-editor.default\">\n\t\t\t\t<div class=\"elementor-widget-container\">\n\t\t\t\t\t\t\t\t\tEssas metodologias proporcionam um ambiente din\u00e2mico, no qual a l\u00edngua adicional se entrela\u00e7a de maneira org\u00e2nica com a explora\u00e7\u00e3o criativa e o desenvolvimento integral das crian\u00e7as, preparando-as para um futuro globalizado com habilidades s\u00f3lidas e uma compreens\u00e3o profunda do mundo ao seu redor.\t\t\t\t\t\t\t\t<\/div>\n\t\t\t\t<\/div>\n\t\t\t\t<div class=\"elementor-element elementor-element-fa710d3 elementor-hidden-desktop elementor-hidden-tablet elementor-widget elementor-widget-spacer\" data-id=\"fa710d3\" data-element_type=\"widget\" data-widget_type=\"spacer.default\">\n\t\t\t\t<div class=\"elementor-widget-container\">\n\t\t\t\t\t\t\t<div class=\"elementor-spacer\">\n\t\t\t<div class=\"elementor-spacer-inner\"><\/div>\n\t\t<\/div>\n\t\t\t\t\t\t<\/div>\n\t\t\t\t<\/div>\n\t\t\t\t<\/div>\n\t\t\t\t<\/div>\n\t\t\t\t\t<\/div>\n\t\t\t\t<\/div>\n\t\t\t\t<\/div>\n\t\t","protected":false},"excerpt":{"rendered":"<p>EDUCA\u00c7\u00c3O INFANTIL A proposta pedag\u00f3gica humanizada, em que a crian\u00e7a \u00e9 a protagonista de sua aprendizagem, \u00e9 desenvolvida por meio de projetos alinhados \u00e0 BNCC (Base Nacional Comum Curricular), enfatizando os direitos de aprendizagem de conviver, brincar, participar, explorar, comunicar e conhecer-se. Defendemos uma educa\u00e7\u00e3o&#8230;<\/p>\n","protected":false},"author":1,"featured_media":0,"parent":0,"menu_order":0,"comment_status":"closed","ping_status":"closed","template":"full_width.php","meta":{"footnotes":""},"class_list":["post-647","page","type-page","status-publish","hentry"],"_links":{"self":[{"href":"https:\/\/magiadosaber.g12.br\/site\/wp-json\/wp\/v2\/pages\/647","targetHints":{"allow":["GET"]}}],"collection":[{"href":"https:\/\/magiadosaber.g12.br\/site\/wp-json\/wp\/v2\/pages"}],"about":[{"href":"https:\/\/magiadosaber.g12.br\/site\/wp-json\/wp\/v2\/types\/page"}],"author":[{"embeddable":true,"href":"https:\/\/magiadosaber.g12.br\/site\/wp-json\/wp\/v2\/users\/1"}],"replies":[{"embeddable":true,"href":"https:\/\/magiadosaber.g12.br\/site\/wp-json\/wp\/v2\/comments?post=647"}],"version-history":[{"count":64,"href":"https:\/\/magiadosaber.g12.br\/site\/wp-json\/wp\/v2\/pages\/647\/revisions"}],"predecessor-version":[{"id":1482,"href":"https:\/\/magiadosaber.g12.br\/site\/wp-json\/wp\/v2\/pages\/647\/revisions\/1482"}],"wp:attachment":[{"href":"https:\/\/magiadosaber.g12.br\/site\/wp-json\/wp\/v2\/media?parent=647"}],"curies":[{"name":"wp","href":"https:\/\/api.w.org\/{rel}","templated":true}]}}