{"id":1905,"date":"2024-11-26T18:26:45","date_gmt":"2024-11-26T18:26:45","guid":{"rendered":"https:\/\/magiadosaber.g12.br\/site\/?page_id=1905"},"modified":"2024-11-26T18:31:58","modified_gmt":"2024-11-26T18:31:58","slug":"blog","status":"publish","type":"page","link":"https:\/\/magiadosaber.g12.br\/site\/blog\/","title":{"rendered":"Blog"},"content":{"rendered":"\t\t<div data-elementor-type=\"wp-page\" data-elementor-id=\"1905\" class=\"elementor elementor-1905\">\n\t\t\t\t<div class=\"elementor-element elementor-element-d73d8bf e-flex e-con-boxed parallax_section_no qode_elementor_container_no e-con e-parent\" data-id=\"d73d8bf\" data-element_type=\"container\">\n\t\t\t\t\t<div class=\"e-con-inner\">\n\t\t\t\t<div class=\"elementor-element elementor-element-13348ba elementor-widget elementor-widget-heading\" data-id=\"13348ba\" data-element_type=\"widget\" data-widget_type=\"heading.default\">\n\t\t\t\t<div class=\"elementor-widget-container\">\n\t\t\t\t\t<h6 class=\"elementor-heading-title elementor-size-default\">blog magia do saber<\/h6>\t\t\t\t<\/div>\n\t\t\t\t<\/div>\n\t\t\t\t<div class=\"elementor-element elementor-element-0a26b59 elementor-widget elementor-widget-heading\" data-id=\"0a26b59\" data-element_type=\"widget\" data-widget_type=\"heading.default\">\n\t\t\t\t<div class=\"elementor-widget-container\">\n\t\t\t\t\t<h2 class=\"elementor-heading-title elementor-size-default\">Fique por dentro das novidades!<\/h2>\t\t\t\t<\/div>\n\t\t\t\t<\/div>\n\t\t\t\t<div class=\"elementor-element elementor-element-8180ea9 elementor-widget-divider--view-line elementor-widget elementor-widget-divider\" data-id=\"8180ea9\" data-element_type=\"widget\" data-widget_type=\"divider.default\">\n\t\t\t\t<div class=\"elementor-widget-container\">\n\t\t\t\t\t\t\t<div class=\"elementor-divider\">\n\t\t\t<span class=\"elementor-divider-separator\">\n\t\t\t\t\t\t<\/span>\n\t\t<\/div>\n\t\t\t\t\t\t<\/div>\n\t\t\t\t<\/div>\n\t\t\t\t<div class=\"elementor-element elementor-element-8ed8130 elementor-widget elementor-widget-bridge_masonry_blog\" data-id=\"8ed8130\" data-element_type=\"widget\" data-widget_type=\"bridge_masonry_blog.default\">\n\t\t\t\t<div class=\"elementor-widget-container\">\n\t\t\t\t\t<div class='q_masonry_blog'><div class=\"q_masonry_blog_grid_sizer\"><\/div><div class=\"q_masonry_blog_grid_gutter\"><\/div><article class=\"post-574 post type-post status-publish format-standard has-post-thumbnail hentry category-blog\"><div class=\"q_masonry_blog_post_image\"><a itemprop=\"url\" href=\"https:\/\/magiadosaber.g12.br\/site\/2024\/08\/23\/olimpiadas-magia-do-saber-2024\/\" target=\"_self\"><img decoding=\"async\" itemprop=\"image\" src=\"https:\/\/magiadosaber.g12.br\/site\/wp-content\/uploads\/2024\/10\/1-1.jpg\" alt=\"\" \/><\/a><\/div><div class=\"q_masonry_blog_post_text\"><h5 itemprop=\"name\" class=\"q_masonry_blog_title entry_title\"><a itemprop=\"url\" href=\"https:\/\/magiadosaber.g12.br\/site\/2024\/08\/23\/olimpiadas-magia-do-saber-2024\/\">Ol\u00edmpiadas Magia do Saber 2024<\/a><\/h5><p itemprop=\"description\" class=\"q_masonry_blog_excerpt\">No \u00faltimo s\u00e1bado, 17 de agosto, a escola Magia do Saber deu in\u00edcio \u00e0s t\u00e3o aguardadas\u00a0Ol\u00edmpiad...<\/p><div class=\"q_masonry_blog_post_info\"><\/div><\/div><\/article><article class=\"post-595 post type-post status-publish format-standard has-post-thumbnail hentry category-blog\"><div class=\"q_masonry_blog_post_image\"><a itemprop=\"url\" href=\"https:\/\/magiadosaber.g12.br\/site\/2024\/08\/21\/explorando-a-historia-na-fortaleza-de-sao-jose-da-ponta-grossa\/\" target=\"_self\"><img decoding=\"async\" itemprop=\"image\" src=\"https:\/\/magiadosaber.g12.br\/site\/wp-content\/uploads\/2024\/10\/2-2.jpg\" alt=\"\" \/><\/a><\/div><div class=\"q_masonry_blog_post_text\"><h5 itemprop=\"name\" class=\"q_masonry_blog_title entry_title\"><a itemprop=\"url\" href=\"https:\/\/magiadosaber.g12.br\/site\/2024\/08\/21\/explorando-a-historia-na-fortaleza-de-sao-jose-da-ponta-grossa\/\">Explorando a Hist\u00f3ria na Fortaleza de S\u00e3o Jos\u00e9 da Ponta Grossa<\/a><\/h5><p itemprop=\"description\" class=\"q_masonry_blog_excerpt\">Dando continuidade ao projeto\u00a0\u201cAmpliando conhecimentos sobre a coloniza\u00e7\u00e3o do Brasil\u201d, os est...<\/p><div class=\"q_masonry_blog_post_info\"><\/div><\/div><\/article><article class=\"post-1661 post type-post status-publish format-standard has-post-thumbnail hentry category-blog\"><div class=\"q_masonry_blog_post_image\"><a itemprop=\"url\" href=\"https:\/\/magiadosaber.g12.br\/site\/2024\/07\/30\/seletividade-alimentar-das-criancas\/\" target=\"_self\"><img decoding=\"async\" itemprop=\"image\" src=\"https:\/\/magiadosaber.g12.br\/site\/wp-content\/uploads\/2024\/11\/seletividade.jpg\" alt=\"\" \/><\/a><\/div><div class=\"q_masonry_blog_post_text\"><h5 itemprop=\"name\" class=\"q_masonry_blog_title entry_title\"><a itemprop=\"url\" href=\"https:\/\/magiadosaber.g12.br\/site\/2024\/07\/30\/seletividade-alimentar-das-criancas\/\">Seletividade Alimentar das Crian\u00e7as<\/a><\/h5><p itemprop=\"description\" class=\"q_masonry_blog_excerpt\">&nbsp; &nbsp;...<\/p><div class=\"q_masonry_blog_post_info\"><\/div><\/div><\/article><article class=\"post-1663 post type-post status-publish format-standard has-post-thumbnail hentry category-blog\"><div class=\"q_masonry_blog_post_image\"><a itemprop=\"url\" href=\"https:\/\/magiadosaber.g12.br\/site\/2024\/07\/26\/festa-junina\/\" target=\"_self\"><img decoding=\"async\" itemprop=\"image\" src=\"https:\/\/magiadosaber.g12.br\/site\/wp-content\/uploads\/2024\/11\/festajunina.jpg\" alt=\"\" \/><\/a><\/div><div class=\"q_masonry_blog_post_text\"><h5 itemprop=\"name\" class=\"q_masonry_blog_title entry_title\"><a itemprop=\"url\" href=\"https:\/\/magiadosaber.g12.br\/site\/2024\/07\/26\/festa-junina\/\">Festa Junina<\/a><\/h5><p itemprop=\"description\" class=\"q_masonry_blog_excerpt\">&nbsp; Confira a Festa Junina na Magia do Saber que transbordou alegria e conhecimento com o tema ?...<\/p><div class=\"q_masonry_blog_post_info\"><\/div><\/div><\/article><article class=\"post-1665 post type-post status-publish format-standard has-post-thumbnail hentry category-blog\"><div class=\"q_masonry_blog_post_image\"><a itemprop=\"url\" href=\"https:\/\/magiadosaber.g12.br\/site\/2024\/07\/17\/a-turma-do-3o-explorou-o-fascinante-mundo-da-interacao-entre-a-luz-e-os-materiais\/\" target=\"_self\"><img decoding=\"async\" itemprop=\"image\" src=\"https:\/\/magiadosaber.g12.br\/site\/wp-content\/uploads\/2024\/11\/propriedades_luz.jpg\" alt=\"\" \/><\/a><\/div><div class=\"q_masonry_blog_post_text\"><h5 itemprop=\"name\" class=\"q_masonry_blog_title entry_title\"><a itemprop=\"url\" href=\"https:\/\/magiadosaber.g12.br\/site\/2024\/07\/17\/a-turma-do-3o-explorou-o-fascinante-mundo-da-interacao-entre-a-luz-e-os-materiais\/\">A Turma do 3\u00ba explorou o fascinante mundo da intera\u00e7\u00e3o entre a luz e os materiais!<\/a><\/h5><p itemprop=\"description\" class=\"q_masonry_blog_excerpt\">&nbsp; Desde as diferentes fontes de luz que iluminam nosso mundo at\u00e9 os pioneiros como Thomas Edis...<\/p><div class=\"q_masonry_blog_post_info\"><\/div><\/div><\/article><article class=\"post-587 post type-post status-publish format-standard has-post-thumbnail hentry category-blog\"><div class=\"q_masonry_blog_post_image\"><a itemprop=\"url\" href=\"https:\/\/magiadosaber.g12.br\/site\/2024\/05\/17\/festa-da-familia\/\" target=\"_self\"><img decoding=\"async\" itemprop=\"image\" src=\"https:\/\/magiadosaber.g12.br\/site\/wp-content\/uploads\/2024\/10\/3-2.jpg\" alt=\"\" \/><\/a><\/div><div class=\"q_masonry_blog_post_text\"><h5 itemprop=\"name\" class=\"q_masonry_blog_title entry_title\"><a itemprop=\"url\" href=\"https:\/\/magiadosaber.g12.br\/site\/2024\/05\/17\/festa-da-familia\/\">Festa da Fam\u00edlia<\/a><\/h5><p itemprop=\"description\" class=\"q_masonry_blog_excerpt\">A Escola Magia do Saber transbordou de alegria em maio, recebendo centenas de pessoas para a t\u00e3o ag...<\/p><div class=\"q_masonry_blog_post_info\"><\/div><\/div><\/article><article class=\"post-1671 post type-post status-publish format-standard has-post-thumbnail hentry category-blog\"><div class=\"q_masonry_blog_post_image\"><a itemprop=\"url\" href=\"https:\/\/magiadosaber.g12.br\/site\/2023\/12\/13\/sarau-literario-2023\/\" target=\"_self\"><img decoding=\"async\" itemprop=\"image\" src=\"https:\/\/magiadosaber.g12.br\/site\/wp-content\/uploads\/2024\/11\/sarau-literario-2023-1.png\" alt=\"\" \/><\/a><\/div><div class=\"q_masonry_blog_post_text\"><h5 itemprop=\"name\" class=\"q_masonry_blog_title entry_title\"><a itemprop=\"url\" href=\"https:\/\/magiadosaber.g12.br\/site\/2023\/12\/13\/sarau-literario-2023\/\">Sarau Liter\u00e1rio 2023<\/a><\/h5><p itemprop=\"description\" class=\"q_masonry_blog_excerpt\">&nbsp; Desde o infantil at\u00e9 o fundamental, os projetos liter\u00e1rios floresceram em nossas turmas ao ...<\/p><div class=\"q_masonry_blog_post_info\"><\/div><\/div><\/article><article class=\"post-1681 post type-post status-publish format-standard has-post-thumbnail hentry category-blog\"><div class=\"q_masonry_blog_post_image\"><a itemprop=\"url\" href=\"https:\/\/magiadosaber.g12.br\/site\/2023\/11\/06\/feira-de-ciencias\/\" target=\"_self\"><img decoding=\"async\" itemprop=\"image\" src=\"https:\/\/magiadosaber.g12.br\/site\/wp-content\/uploads\/2024\/11\/FeiraCiencias-1170x658-1.jpg\" alt=\"\" \/><\/a><\/div><div class=\"q_masonry_blog_post_text\"><h5 itemprop=\"name\" class=\"q_masonry_blog_title entry_title\"><a itemprop=\"url\" href=\"https:\/\/magiadosaber.g12.br\/site\/2023\/11\/06\/feira-de-ciencias\/\">Feira de Ci\u00eancias<\/a><\/h5><p itemprop=\"description\" class=\"q_masonry_blog_excerpt\">&nbsp; A Feira de Ci\u00eancias da Magia do Saber \u00e9 uma oportunidade para os estudantes da educa\u00e7\u00e3o i...<\/p><div class=\"q_masonry_blog_post_info\"><\/div><\/div><\/article><article class=\"post-1675 post type-post status-publish format-standard has-post-thumbnail hentry category-blog\"><div class=\"q_masonry_blog_post_image\"><a itemprop=\"url\" href=\"https:\/\/magiadosaber.g12.br\/site\/2023\/11\/06\/olimpiadas-magia-do-saber-2023\/\" target=\"_self\"><img decoding=\"async\" itemprop=\"image\" src=\"https:\/\/magiadosaber.g12.br\/site\/wp-content\/uploads\/2024\/11\/OlimpiadasMagiadoSaber-1170x658-2.jpg\" alt=\"\" \/><\/a><\/div><div class=\"q_masonry_blog_post_text\"><h5 itemprop=\"name\" class=\"q_masonry_blog_title entry_title\"><a itemprop=\"url\" href=\"https:\/\/magiadosaber.g12.br\/site\/2023\/11\/06\/olimpiadas-magia-do-saber-2023\/\">Olimp\u00edadas Magia do Saber 2023<\/a><\/h5><p itemprop=\"description\" class=\"q_masonry_blog_excerpt\">&nbsp; Evento pedag\u00f3gico com o tema \u201cUnidos pela paz \u2013 uni\u00e3o e respeito entre as Na\u00e7\u00f5es\u201d. ...<\/p><div class=\"q_masonry_blog_post_info\"><\/div><\/div><\/article><article class=\"post-1688 post type-post status-publish format-standard has-post-thumbnail hentry category-blog\"><div class=\"q_masonry_blog_post_image\"><a itemprop=\"url\" href=\"https:\/\/magiadosaber.g12.br\/site\/2022\/10\/14\/1688\/\" target=\"_self\"><img decoding=\"async\" itemprop=\"image\" src=\"https:\/\/magiadosaber.g12.br\/site\/wp-content\/uploads\/2024\/11\/Blog-naturezaintegrada-1.jpeg\" alt=\"\" \/><\/a><\/div><div class=\"q_masonry_blog_post_text\"><h5 itemprop=\"name\" class=\"q_masonry_blog_title entry_title\"><a itemprop=\"url\" href=\"https:\/\/magiadosaber.g12.br\/site\/2022\/10\/14\/1688\/\">Educa\u00e7\u00e3o ao ar livre<\/a><\/h5><p itemprop=\"description\" class=\"q_masonry_blog_excerpt\">A ideia de que escola se restringe a disciplinas, conte\u00fados, livros, cadernos, l\u00e1pis, e carteiras ...<\/p><div class=\"q_masonry_blog_post_info\"><\/div><\/div><\/article><article class=\"post-1684 post type-post status-publish format-standard has-post-thumbnail hentry category-blog\"><div class=\"q_masonry_blog_post_image\"><a itemprop=\"url\" href=\"https:\/\/magiadosaber.g12.br\/site\/2022\/10\/14\/escolas-sem-paredes-aprendizagens-ao-ar-livre\/\" target=\"_self\"><img decoding=\"async\" itemprop=\"image\" src=\"https:\/\/magiadosaber.g12.br\/site\/wp-content\/uploads\/2024\/11\/Blog_semparedes-900x658-1.jpeg\" alt=\"\" \/><\/a><\/div><div class=\"q_masonry_blog_post_text\"><h5 itemprop=\"name\" class=\"q_masonry_blog_title entry_title\"><a itemprop=\"url\" href=\"https:\/\/magiadosaber.g12.br\/site\/2022\/10\/14\/escolas-sem-paredes-aprendizagens-ao-ar-livre\/\">Escolas sem paredes \u2013 aprendizagens ao ar livre<\/a><\/h5><p itemprop=\"description\" class=\"q_masonry_blog_excerpt\">&nbsp; A Escola Magia do Saber \u00e9 destaque no site Ciclo Vivo, com endosso da Plataforma Digital\u00a0Ed...<\/p><div class=\"q_masonry_blog_post_info\"><\/div><\/div><\/article><article class=\"post-1704 post type-post status-publish format-standard has-post-thumbnail hentry category-blog\"><div class=\"q_masonry_blog_post_image\"><a itemprop=\"url\" href=\"https:\/\/magiadosaber.g12.br\/site\/2021\/04\/07\/reflexoes-sobre-criancas-e-a-natureza-vamos-desemparedar\/\" target=\"_self\"><img decoding=\"async\" itemprop=\"image\" src=\"https:\/\/magiadosaber.g12.br\/site\/wp-content\/uploads\/2024\/11\/image00145-1170x658-1.jpeg\" alt=\"\" \/><\/a><\/div><div class=\"q_masonry_blog_post_text\"><h5 itemprop=\"name\" class=\"q_masonry_blog_title entry_title\"><a itemprop=\"url\" href=\"https:\/\/magiadosaber.g12.br\/site\/2021\/04\/07\/reflexoes-sobre-criancas-e-a-natureza-vamos-desemparedar\/\">Reflex\u00f5es sobre crian\u00e7as e a natureza: vamos desemparedar?<\/a><\/h5><p itemprop=\"description\" class=\"q_masonry_blog_excerpt\">&nbsp; \u201c\u00c9 preciso desemparedar a Educa\u00e7\u00e3o Infantil\u201d. Voc\u00ea j\u00e1 ouviu essa frase? Embora desco...<\/p><div class=\"q_masonry_blog_post_info\"><\/div><\/div><\/article><article class=\"post-1692 post type-post status-publish format-standard has-post-thumbnail hentry category-blog\"><div class=\"q_masonry_blog_post_image\"><a itemprop=\"url\" href=\"https:\/\/magiadosaber.g12.br\/site\/2021\/04\/07\/projeto-capsula-do-tempo\/\" target=\"_self\"><img decoding=\"async\" itemprop=\"image\" src=\"https:\/\/magiadosaber.g12.br\/site\/wp-content\/uploads\/2024\/11\/WhatsApp-Image-2021-04-03-at-16.36.29-3-1024x768-1.jpeg\" alt=\"\" \/><\/a><\/div><div class=\"q_masonry_blog_post_text\"><h5 itemprop=\"name\" class=\"q_masonry_blog_title entry_title\"><a itemprop=\"url\" href=\"https:\/\/magiadosaber.g12.br\/site\/2021\/04\/07\/projeto-capsula-do-tempo\/\">PROJETO C\u00c1PSULA DO TEMPO<\/a><\/h5><p itemprop=\"description\" class=\"q_masonry_blog_excerpt\">&nbsp; &nbsp; &nbsp; Por Prof\u00aa Juliana Vilma Mattos Ribeiro \u201cMedo de voar, medo de sentir-se perd...<\/p><div class=\"q_masonry_blog_post_info\"><\/div><\/div><\/article><\/div>\t\t\t\t<\/div>\n\t\t\t\t<\/div>\n\t\t\t\t\t<\/div>\n\t\t\t\t<\/div>\n\t\t\t\t<\/div>\n\t\t","protected":false},"excerpt":{"rendered":"","protected":false},"author":1,"featured_media":0,"parent":0,"menu_order":0,"comment_status":"closed","ping_status":"closed","template":"","meta":{"footnotes":""},"class_list":["post-1905","page","type-page","status-publish","hentry"],"_links":{"self":[{"href":"https:\/\/magiadosaber.g12.br\/site\/wp-json\/wp\/v2\/pages\/1905","targetHints":{"allow":["GET"]}}],"collection":[{"href":"https:\/\/magiadosaber.g12.br\/site\/wp-json\/wp\/v2\/pages"}],"about":[{"href":"https:\/\/magiadosaber.g12.br\/site\/wp-json\/wp\/v2\/types\/page"}],"author":[{"embeddable":true,"href":"https:\/\/magiadosaber.g12.br\/site\/wp-json\/wp\/v2\/users\/1"}],"replies":[{"embeddable":true,"href":"https:\/\/magiadosaber.g12.br\/site\/wp-json\/wp\/v2\/comments?post=1905"}],"version-history":[{"count":5,"href":"https:\/\/magiadosaber.g12.br\/site\/wp-json\/wp\/v2\/pages\/1905\/revisions"}],"predecessor-version":[{"id":1913,"href":"https:\/\/magiadosaber.g12.br\/site\/wp-json\/wp\/v2\/pages\/1905\/revisions\/1913"}],"wp:attachment":[{"href":"https:\/\/magiadosaber.g12.br\/site\/wp-json\/wp\/v2\/media?parent=1905"}],"curies":[{"name":"wp","href":"https:\/\/api.w.org\/{rel}","templated":true}]}}